{"id":150,"date":"2022-09-21T17:56:37","date_gmt":"2022-09-21T17:56:37","guid":{"rendered":"https:\/\/reparamostodoantisan.com\/?page_id=150"},"modified":"2022-11-10T16:19:04","modified_gmt":"2022-11-10T15:19:04","slug":"politica-de-privacidad","status":"publish","type":"page","link":"https:\/\/reparamostodoantisan.com\/index.php\/politica-de-privacidad\/","title":{"rendered":"Pol\u00edtica de Privacidad"},"content":{"rendered":"<p>[et_pb_section fb_built=\u00bb1&#8243; _builder_version=\u00bb4.18.0&#8243; _module_preset=\u00bbdefault\u00bb global_colors_info=\u00bb{}\u00bb][et_pb_row _builder_version=\u00bb4.18.0&#8243; _module_preset=\u00bbdefault\u00bb global_colors_info=\u00bb{}\u00bb][et_pb_column type=\u00bb4_4&#8243; _builder_version=\u00bb4.18.0&#8243; _module_preset=\u00bbdefault\u00bb global_colors_info=\u00bb{}\u00bb][et_pb_text _builder_version=\u00bb4.18.0&#8243; _module_preset=\u00bbdefault\u00bb hover_enabled=\u00bb0&#8243; global_colors_info=\u00bb{}\u00bb sticky_enabled=\u00bb0&#8243;]<\/p>\n<h4 style=\"text-align: center;\"><strong>POL\u00cdTICA DE PRIVACIDAD<\/strong><\/h4>\n<p>&nbsp;<\/p>\n<p><span dir=\"ltr\" role=\"presentation\"><span class=\"highlight selected appended\">De acuerdo con lo establecido en el Reglamento<\/span> General de Protecci\u00f3n de Datos, le informamos que sus<\/span><span dir=\"ltr\" role=\"presentation\"> datos personales ser\u00e1n incorporados a nuestro sistema de tratamiento, con la finalidad de gestionar<\/span><span dir=\"ltr\" role=\"presentation\"> nuestra relaci\u00f3n laboral. Que se conservar\u00e1n mientras se mantenga dicha relaci\u00f3n con el responsable o el<\/span><span dir=\"ltr\" role=\"presentation\"> tiempo necesario para cumplir con las obligaciones legales, y que los trataremos en base a la ejecuci\u00f3n de<\/span><span dir=\"ltr\" role=\"presentation\"> un contrato laboral.<\/span><\/p>\n<p><span dir=\"ltr\" role=\"presentation\">Los datos han podido ser comunicados a terceras empresas que realizan servicios de prevenci\u00f3n de<\/span><span dir=\"ltr\" role=\"presentation\"> riesgos laborales y asesor\u00eda laboral, con la finalidad de llevar a cabo el cumplimiento de obligaciones<\/span><span dir=\"ltr\" role=\"presentation\"> legales con la seguridad social, tributarias, fiscales y el correcto funcionamiento de los recursos humanos<\/span><span dir=\"ltr\" role=\"presentation\"> de la empresa.<\/span><\/p>\n<p><span dir=\"ltr\" role=\"presentation\">Asimismo, le informamos de la posibilidad de ejercer los siguientes derechos sobre sus datos personales:<\/span><span dir=\"ltr\" role=\"presentation\"> derecho de acceso, rectificaci\u00f3n, supresi\u00f3n u olvido, limitaci\u00f3n, oposici\u00f3n, portabilidad y a retirar el<\/span><span dir=\"ltr\" role=\"presentation\"> consentimiento prestado.<\/span><\/p>\n<p><span dir=\"ltr\" role=\"presentation\">Para ello podr\u00e1 enviar un email a: <a href=\"mailto:antisanmultiservicios@outlook.com\">antisanmultiservicios@outlook.com<\/a> o dirigir un escrito a<\/span> <span dir=\"ltr\" role=\"presentation\">Antonio<\/span><span dir=\"ltr\" role=\"presentation\"> Santiago Cort\u00e9s C\/ Juan Goytisolo S\/N<\/span> <span dir=\"ltr\" role=\"presentation\">&#8211; 04002 &#8211; Almer\u00eda &#8211; ALMERIA<\/span><\/p>\n<p><span dir=\"ltr\" role=\"presentation\">Adem\u00e1s, el interesado puede dirigirse a la Autoridad de Control en materia de Protecci\u00f3n de Datos<\/span><span dir=\"ltr\" role=\"presentation\"> competente para obtener informaci\u00f3n adicional o presentar una reclamaci\u00f3n.<\/span><\/p>\n<p><span dir=\"ltr\" role=\"presentation\">Datos identificativos del responsable:<\/span><br role=\"presentation\" \/><span dir=\"ltr\" role=\"presentation\">Antonio Santiago Cort\u00e9s, 77700746F, C\/ Juan Goytisolo S\/N<\/span> <span dir=\"ltr\" role=\"presentation\">&#8211; 04002 &#8211; Almer\u00eda<\/span> <span dir=\"ltr\" role=\"presentation\">&#8211; ALMERIA,<\/span><span dir=\"ltr\" role=\"presentation\"> 640 627 679<br \/><\/span><\/p>\n<p>&nbsp;<\/p>\n<p>&nbsp;<\/p>\n<p>[\/et_pb_text][\/et_pb_column][\/et_pb_row][\/et_pb_section]<\/p>\n","protected":false},"excerpt":{"rendered":"<p>POL\u00cdTICA DE PRIVACIDAD &nbsp; De acuerdo con lo establecido en el Reglamento General de Protecci\u00f3n de Datos, le informamos que sus datos personales ser\u00e1n incorporados a nuestro sistema de tratamiento, con la finalidad de gestionar nuestra relaci\u00f3n laboral. Que se conservar\u00e1n mientras se mantenga dicha relaci\u00f3n con el responsable o el tiempo necesario para cumplir [&hellip;]<\/p>\n","protected":false},"author":1,"featured_media":0,"parent":0,"menu_order":0,"comment_status":"closed","ping_status":"closed","template":"","meta":{"_et_pb_use_builder":"on","_et_pb_old_content":"","_et_gb_content_width":"","footnotes":"","_joinchat":[]},"aioseo_notices":[],"_links":{"self":[{"href":"https:\/\/reparamostodoantisan.com\/index.php\/wp-json\/wp\/v2\/pages\/150"}],"collection":[{"href":"https:\/\/reparamostodoantisan.com\/index.php\/wp-json\/wp\/v2\/pages"}],"about":[{"href":"https:\/\/reparamostodoantisan.com\/index.php\/wp-json\/wp\/v2\/types\/page"}],"author":[{"embeddable":true,"href":"https:\/\/reparamostodoantisan.com\/index.php\/wp-json\/wp\/v2\/users\/1"}],"replies":[{"embeddable":true,"href":"https:\/\/reparamostodoantisan.com\/index.php\/wp-json\/wp\/v2\/comments?post=150"}],"version-history":[{"count":7,"href":"https:\/\/reparamostodoantisan.com\/index.php\/wp-json\/wp\/v2\/pages\/150\/revisions"}],"predecessor-version":[{"id":552,"href":"https:\/\/reparamostodoantisan.com\/index.php\/wp-json\/wp\/v2\/pages\/150\/revisions\/552"}],"wp:attachment":[{"href":"https:\/\/reparamostodoantisan.com\/index.php\/wp-json\/wp\/v2\/media?parent=150"}],"curies":[{"name":"wp","href":"https:\/\/api.w.org\/{rel}","templated":true}]}}