{"id":155,"date":"2022-09-21T18:00:55","date_gmt":"2022-09-21T18:00:55","guid":{"rendered":"https:\/\/reparamostodoantisan.com\/?page_id=155"},"modified":"2022-11-10T16:16:50","modified_gmt":"2022-11-10T15:16:50","slug":"aviso-legal","status":"publish","type":"page","link":"https:\/\/reparamostodoantisan.com\/index.php\/aviso-legal\/","title":{"rendered":"Aviso Legal"},"content":{"rendered":"<p>[et_pb_section fb_built=\u00bb1&#8243; _builder_version=\u00bb4.18.0&#8243; _module_preset=\u00bbdefault\u00bb global_colors_info=\u00bb{}\u00bb][et_pb_row _builder_version=\u00bb4.18.0&#8243; _module_preset=\u00bbdefault\u00bb global_colors_info=\u00bb{}\u00bb][et_pb_column type=\u00bb4_4&#8243; _builder_version=\u00bb4.18.0&#8243; _module_preset=\u00bbdefault\u00bb global_colors_info=\u00bb{}\u00bb][et_pb_text _builder_version=\u00bb4.18.0&#8243; _module_preset=\u00bbdefault\u00bb hover_enabled=\u00bb0&#8243; global_colors_info=\u00bb{}\u00bb sticky_enabled=\u00bb0&#8243;]<\/p>\n<h4 style=\"text-align: center;\"><strong>AVISO LEGAL<\/strong><\/h4>\n<div class=\"et_pb_column et_pb_column_4_4 et_pb_column_0  et_pb_css_mix_blend_mode_passthrough et-last-child\">\n<div class=\"et_pb_module et_pb_text et_pb_text_0  et_pb_text_align_left et_pb_bg_layout_light\">\n<div class=\"et_pb_text_inner\">\n<p>&nbsp;<\/p>\n<p><span dir=\"ltr\" role=\"presentation\">De acuerdo con lo establecido en el Reglamento General de Protecci\u00f3n de Datos, le informamos que <\/span><span dir=\"ltr\" role=\"presentation\">trataremos sus datos personales con la finalidad de:<\/span><\/p>\n<\/div>\n<div class=\"et_pb_text_inner\"><br role=\"presentation\" \/><strong><span dir=\"ltr\" role=\"presentation\">[Prestarle o entregarle el servicio o producto contratado, e informarle sobre los productos o<\/span><span dir=\"ltr\" role=\"presentation\"> servicios publicados en nuestra web]<\/span><\/strong><\/div>\n<div>\u00a0<\/div>\n<div class=\"et_pb_text_inner\"><span dir=\"ltr\" role=\"presentation\"> Los datos personales proporcionados se conservar\u00e1n, mientras se mantenga la relaci\u00f3n mercantil, no se<\/span><span dir=\"ltr\" role=\"presentation\"> solicite su supresi\u00f3n por el interesado, o durante 1 a\u00f1o a partir de la \u00faltima confirmaci\u00f3n de inter\u00e9s, o<\/span><span dir=\"ltr\" role=\"presentation\"> durante el tiempo necesario para cumplir con las obligaciones legales. La empresa NO tomar\u00e1 decisiones<\/span><span dir=\"ltr\" role=\"presentation\"> automatizadas. Los datos no se ceder\u00e1n a terceros salvo en los casos en que exista una obligaci\u00f3n legal y<\/span><span dir=\"ltr\" role=\"presentation\"> los trataremos en base a <strong>[<\/strong><\/span><strong><span dir=\"ltr\" role=\"presentation\">su consentimiento o ejecuci\u00f3n de un contrato]<\/span><\/strong><span dir=\"ltr\" role=\"presentation\">.<\/span><\/div>\n<div>\u00a0<\/div>\n<div class=\"et_pb_text_inner\"><span dir=\"ltr\" role=\"presentation\">Asimismo, le informamos de la posibilidad de ejercer los siguientes derechos sobre sus datos personales:<\/span><span dir=\"ltr\" role=\"presentation\"> derecho de acceso, rectificaci\u00f3n, supresi\u00f3n u olvido, limitaci\u00f3n, oposici\u00f3n, portabilidad y a retirar el<\/span><span dir=\"ltr\" role=\"presentation\"> consentimiento prestado, para ello podr\u00e1 enviar un email a:<\/span> <a href=\"mailto:antisanmultiservicios@outlook.com\"><span dir=\"ltr\" role=\"presentation\">antisanmultiservicios@outlook.com<\/span><\/a><span dir=\"ltr\" role=\"presentation\"> Adem\u00e1s, el interesado puede dirigirse a la Autoridad de Control en materia de Protecci\u00f3n de Datos <\/span><span dir=\"ltr\" role=\"presentation\">competente para obtener informaci\u00f3n adicional o presentar una reclamaci\u00f3n.<\/span><\/div>\n<div>\u00a0<\/div>\n<div class=\"et_pb_text_inner\"><span dir=\"ltr\" role=\"presentation\">Datos identificativos del responsable:<\/span><br role=\"presentation\" \/><span dir=\"ltr\" role=\"presentation\">Antonio Santiago Cort\u00e9s, 77700746F, C\/ Juan Goytisolo S\/N<\/span> <span dir=\"ltr\" role=\"presentation\">&#8211; 04002 &#8211; Almer\u00eda<\/span> <span dir=\"ltr\" role=\"presentation\">&#8211; ALMERIA,<\/span> 640 627 679<\/div>\n<\/div>\n<\/div>\n<p>&nbsp;<\/p>\n<p>[\/et_pb_text][\/et_pb_column][\/et_pb_row][\/et_pb_section]<\/p>\n","protected":false},"excerpt":{"rendered":"<p>AVISO LEGAL &nbsp; De acuerdo con lo establecido en el Reglamento General de Protecci\u00f3n de Datos, le informamos que trataremos sus datos personales con la finalidad de: [Prestarle o entregarle el servicio o producto contratado, e informarle sobre los productos o servicios publicados en nuestra web] \u00a0 Los datos personales proporcionados se conservar\u00e1n, mientras se [&hellip;]<\/p>\n","protected":false},"author":1,"featured_media":0,"parent":0,"menu_order":0,"comment_status":"closed","ping_status":"closed","template":"","meta":{"_et_pb_use_builder":"on","_et_pb_old_content":"","_et_gb_content_width":"","footnotes":"","_joinchat":[]},"aioseo_notices":[],"_links":{"self":[{"href":"https:\/\/reparamostodoantisan.com\/index.php\/wp-json\/wp\/v2\/pages\/155"}],"collection":[{"href":"https:\/\/reparamostodoantisan.com\/index.php\/wp-json\/wp\/v2\/pages"}],"about":[{"href":"https:\/\/reparamostodoantisan.com\/index.php\/wp-json\/wp\/v2\/types\/page"}],"author":[{"embeddable":true,"href":"https:\/\/reparamostodoantisan.com\/index.php\/wp-json\/wp\/v2\/users\/1"}],"replies":[{"embeddable":true,"href":"https:\/\/reparamostodoantisan.com\/index.php\/wp-json\/wp\/v2\/comments?post=155"}],"version-history":[{"count":7,"href":"https:\/\/reparamostodoantisan.com\/index.php\/wp-json\/wp\/v2\/pages\/155\/revisions"}],"predecessor-version":[{"id":551,"href":"https:\/\/reparamostodoantisan.com\/index.php\/wp-json\/wp\/v2\/pages\/155\/revisions\/551"}],"wp:attachment":[{"href":"https:\/\/reparamostodoantisan.com\/index.php\/wp-json\/wp\/v2\/media?parent=155"}],"curies":[{"name":"wp","href":"https:\/\/api.w.org\/{rel}","templated":true}]}}