{"id":631,"date":"2025-11-10T13:55:06","date_gmt":"2025-11-10T12:55:06","guid":{"rendered":"https:\/\/reparamostodoantisan.com\/?page_id=631"},"modified":"2026-02-13T11:27:46","modified_gmt":"2026-02-13T10:27:46","slug":"reformas","status":"publish","type":"page","link":"https:\/\/reparamostodoantisan.com\/index.php\/reformas\/","title":{"rendered":"Reformas"},"content":{"rendered":"<p>[et_pb_section fb_built=\u00bb1&#8243; _builder_version=\u00bb4.18.0&#8243; _module_preset=\u00bbdefault\u00bb background_color=\u00bbrgba(0,0,0,0.35)\u00bb background_image=\u00bbhttps:\/\/reparamostodoantisan.com\/wp-content\/uploads\/2025\/11\/fondo-reformas.jpg\u00bb background_blend=\u00bbdarken\u00bb custom_padding=\u00bb150px||150px||false|false\u00bb bottom_divider_height=\u00bb57px\u00bb locked=\u00bboff\u00bb global_colors_info=\u00bb{}\u00bb][et_pb_row column_structure=\u00bb2_3,1_3&#8243; admin_label=\u00bbT\u00edtulo\u00bb _builder_version=\u00bb4.22.2&#8243; _module_preset=\u00bbdefault\u00bb background_enable_image=\u00bboff\u00bb custom_padding=\u00bb50px||||false|false\u00bb animation_direction=\u00bbright\u00bb locked=\u00bboff\u00bb global_colors_info=\u00bb{}\u00bb][et_pb_column type=\u00bb2_3&#8243; _builder_version=\u00bb4.18.0&#8243; _module_preset=\u00bbdefault\u00bb animation_style=\u00bbslide\u00bb animation_direction=\u00bbleft\u00bb global_colors_info=\u00bb{}\u00bb][et_pb_text _builder_version=\u00bb4.22.2&#8243; _module_preset=\u00bbdefault\u00bb text_font=\u00bb||||||||\u00bb text_text_color=\u00bb#FFFFFF\u00bb text_font_size=\u00bb17px\u00bb header_font=\u00bbKanit|500|||||||\u00bb header_text_align=\u00bbcenter\u00bb header_text_color=\u00bb#FFFFFF\u00bb header_font_size=\u00bb60px\u00bb header_line_height=\u00bb1.1em\u00bb header_2_font=\u00bb|700|||||||\u00bb header_2_text_color=\u00bb#FFFFFF\u00bb header_2_font_size=\u00bb19px\u00bb max_width=\u00bb895px\u00bb custom_padding=\u00bb50px||70px||false|false\u00bb header_font_size_tablet=\u00bb60px\u00bb header_font_size_phone=\u00bb50px\u00bb header_font_size_last_edited=\u00bbon|phone\u00bb global_colors_info=\u00bb{}\u00bb]<\/p>\n<h1 style=\"text-align: left;\">Empresa de reformas<br \/>en Almer\u00eda<\/h1>\n<p style=\"text-align: left;\">CALIDAD Y COMPROMISO EN CADA PROYECTO<\/p>\n<p>[\/et_pb_text][\/et_pb_column][et_pb_column type=\u00bb1_3&#8243; _builder_version=\u00bb4.18.0&#8243; _module_preset=\u00bbdefault\u00bb background_color=\u00bb#000000&#8243; custom_padding=\u00bb40px|40px|40px|40px|false|false\u00bb animation_style=\u00bbslide\u00bb animation_direction=\u00bbright\u00bb border_radii=\u00bbon|10px|10px|10px|10px\u00bb border_color_all=\u00bbRGBA(255,255,255,0)\u00bb global_colors_info=\u00bb{}\u00bb][et_pb_text _builder_version=\u00bb4.22.2&#8243; _module_preset=\u00bbdefault\u00bb text_font=\u00bbKanit||||||||\u00bb text_font_size=\u00bb40px\u00bb text_line_height=\u00bb1.8em\u00bb header_2_font=\u00bbKanit||||||||\u00bb header_2_text_color=\u00bb#FFFFFF\u00bb text_orientation=\u00bbcenter\u00bb hover_enabled=\u00bb0&#8243; global_colors_info=\u00bb{}\u00bb sticky_enabled=\u00bb0&#8243;]<\/p>\n<h2>LL\u00c1MANOS AHORA<\/h2>\n<p><a href=\"tel:623489274\">623 489 274<\/a><\/p>\n<p>[\/et_pb_text][\/et_pb_column][\/et_pb_row][\/et_pb_section][et_pb_section fb_built=\u00bb1&#8243; _builder_version=\u00bb4.18.0&#8243; _module_preset=\u00bbdefault\u00bb global_colors_info=\u00bb{}\u00bb][et_pb_row column_structure=\u00bb1_2,1_2&#8243; admin_label=\u00bbBloque 1&#8243; _builder_version=\u00bb4.18.0&#8243; _module_preset=\u00bbdefault\u00bb background_color=\u00bb#FFFFFF\u00bb custom_margin=\u00bb-100px||||false|false\u00bb custom_padding=\u00bb50px|50px|50px|50px|false|false\u00bb animation_style=\u00bbslide\u00bb global_colors_info=\u00bb{}\u00bb][et_pb_column type=\u00bb1_2&#8243; _builder_version=\u00bb4.18.0&#8243; _module_preset=\u00bbdefault\u00bb global_colors_info=\u00bb{}\u00bb][et_pb_text _builder_version=\u00bb4.22.2&#8243; _module_preset=\u00bbdefault\u00bb global_colors_info=\u00bb{}\u00bb]<\/p>\n<p>Adem\u00e1s de ofrecer un servicio completo de reparaciones somos una<strong> empresa de reformas en Almer\u00eda<\/strong> especializada en reformas integrales y en pintura. Contamos con un equipo cualificado dispuesto a transformar tu vivienda o local, garantizando unos resultados impecables.<\/p>\n<p>Realizamos tanto reformas integrales como parciales, incluyendo la renovaci\u00f3n de ba\u00f1os y cocinas, instalaci\u00f3n de suelos, alicatados, techos y todo tipo de trabajos de alba\u00f1iler\u00eda, entre otros.<\/p>\n<p>Tambi\u00e9n disponemos de un equipo de <strong>pintores en Almer\u00eda<\/strong> que aporta el toque final perfecto a cada proyecto. Nos encargamos de trabajos de pintura interior y exterior, fachadas, alisado de paredes y eliminaci\u00f3n de gotel\u00e9, utilizando materiales de primera calidad y t\u00e9cnicas modernas que aseguran un acabado profesional y duradero.<\/p>\n<p>[\/et_pb_text][et_pb_button button_url=\u00bbhttps:\/\/reparamostodoantisan.com\/index.php\/contacto\/\u00bb button_text=\u00bbContacto\u00bb _builder_version=\u00bb4.22.2&#8243; _module_preset=\u00bbdefault\u00bb global_colors_info=\u00bb{}\u00bb][\/et_pb_button][\/et_pb_column][et_pb_column type=\u00bb1_2&#8243; _builder_version=\u00bb4.18.0&#8243; _module_preset=\u00bbdefault\u00bb custom_padding=\u00bb|0px|||false|false\u00bb global_colors_info=\u00bb{}\u00bb][et_pb_image src=\u00bbhttps:\/\/reparamostodoantisan.com\/wp-content\/uploads\/2025\/11\/un-pintor-con-guantes-mezcla-pintura-en-una-bandeja-de-metal-con-un-rodillo-y-una-lata-cerca-para-las-redes-sociales.jpg\u00bb title_text=\u00bbun-pintor-con-guantes-mezcla-pintura-en-una-bandeja-de-metal-con-un-rodillo-y-una-lata-cerca-para-las-redes-sociales\u00bb _builder_version=\u00bb4.22.2&#8243; _module_preset=\u00bbdefault\u00bb global_colors_info=\u00bb{}\u00bb][\/et_pb_image][\/et_pb_column][\/et_pb_row][et_pb_row admin_label=\u00bbBloque 2: Por qu\u00e9 elegirnos\u00bb _builder_version=\u00bb4.22.2&#8243; _module_preset=\u00bbdefault\u00bb animation_style=\u00bbslide\u00bb global_colors_info=\u00bb{}\u00bb][et_pb_column type=\u00bb4_4&#8243; _builder_version=\u00bb4.18.0&#8243; _module_preset=\u00bbdefault\u00bb global_colors_info=\u00bb{}\u00bb][et_pb_text admin_label=\u00bbTexto\u00bb _builder_version=\u00bb4.22.2&#8243; _module_preset=\u00bbdefault\u00bb header_font=\u00bb||||||||\u00bb header_2_font=\u00bbKanit|700|||||||\u00bb header_2_text_align=\u00bbcenter\u00bb header_2_text_color=\u00bb#000000&#8243; header_2_font_size=\u00bb48px\u00bb header_2_line_height=\u00bb1.5em\u00bb header_5_font=\u00bbKanit|600|||||||\u00bb text_orientation=\u00bbcenter\u00bb header_2_font_size_tablet=\u00bb48px\u00bb header_2_font_size_phone=\u00bb30px\u00bb header_2_font_size_last_edited=\u00bbon|phone\u00bb global_colors_info=\u00bb{}\u00bb]<\/p>\n<h2>\u00bfPor qu\u00e9 elegirnos?<\/h2>\n<div class=\"et_pb_module et_pb_text et_pb_text_13 et_pb_text_align_center et_pb_bg_layout_light et_had_animation\">\n<div class=\"et_pb_text_inner\">\n<p>Elegir la empresa adecuada para confiarle tu hogar o negocio no es una decisi\u00f3n menor. Como empresa de reformas en Almer\u00eda, nos distinguimos por ofrecer un servicio completo y profesional, con un equipo comprometido con la calidad y la satisfacci\u00f3n de cada cliente.\u00a0<\/p>\n<\/div>\n<\/div>\n<p>[\/et_pb_text][\/et_pb_column][\/et_pb_row][et_pb_row column_structure=\u00bb1_3,1_3,1_3&#8243; admin_label=\u00bbContexto\u00bb _builder_version=\u00bb4.18.0&#8243; _module_preset=\u00bbdefault\u00bb custom_padding=\u00bb||16px|||\u00bb global_colors_info=\u00bb{}\u00bb][et_pb_column type=\u00bb1_3&#8243; _builder_version=\u00bb4.18.0&#8243; _module_preset=\u00bbdefault\u00bb custom_padding=\u00bb35px|20px|30px|20px|false|false\u00bb animation_style=\u00bbslide\u00bb animation_direction=\u00bbleft\u00bb border_width_all=\u00bb1px\u00bb global_colors_info=\u00bb{}\u00bb][et_pb_blurb title=\u00bbA\u00f1os de experiencia\u00bb image=\u00bbhttps:\/\/reparamostodoantisan.com\/wp-content\/uploads\/2025\/11\/portfolio_12914924.png\u00bb image_icon_width=\u00bb20%\u00bb icon_alignment=\u00bbleft\u00bb image_icon_width_tablet=\u00bb15%\u00bb image_icon_width_phone=\u00bb20%\u00bb image_icon_width_last_edited=\u00bbon|tablet\u00bb admin_label=\u00bbExperiencia\u00bb _builder_version=\u00bb4.22.2&#8243; _module_preset=\u00bbdefault\u00bb header_font=\u00bb|700|||||||\u00bb background_image=\u00bbhttps:\/\/reparamostodoantisan.com\/wp-content\/uploads\/2022\/09\/Oval.png\u00bb background_size=\u00bbinitial\u00bb background_position=\u00bbtop_left\u00bb global_colors_info=\u00bb{}\u00bb][\/et_pb_blurb][et_pb_toggle title=\u00bbSaber m\u00e1s\u00bb _builder_version=\u00bb4.22.2&#8243; _module_preset=\u00bbdefault\u00bb global_colors_info=\u00bb{}\u00bb]<\/p>\n<p>Contamos con muchos a\u00f1os de experiencia en el sector de las reformas y la pintura, lo que nos permite garantizar resultados impecables y adaptados a cada necesidad.<\/p>\n<p>[\/et_pb_toggle][\/et_pb_column][et_pb_column type=\u00bb1_3&#8243; _builder_version=\u00bb4.18.0&#8243; _module_preset=\u00bbdefault\u00bb custom_padding=\u00bb20px|20px|20px|20px|false|false\u00bb animation_style=\u00bbslide\u00bb border_width_all=\u00bb1px\u00bb global_colors_info=\u00bb{}\u00bb][et_pb_blurb title=\u00bbAcabados Impecables\u00bb image=\u00bbhttps:\/\/reparamostodoantisan.com\/wp-content\/uploads\/2025\/11\/paint-roller_9289292.png\u00bb image_icon_width=\u00bb28%\u00bb icon_alignment=\u00bbleft\u00bb image_icon_width_tablet=\u00bb15%\u00bb image_icon_width_phone=\u00bb20%\u00bb image_icon_width_last_edited=\u00bbon|tablet\u00bb admin_label=\u00bbAcabados\u00bb _builder_version=\u00bb4.22.2&#8243; _module_preset=\u00bbdefault\u00bb header_font=\u00bb|700|||||||\u00bb background_image=\u00bbhttps:\/\/reparamostodoantisan.com\/wp-content\/uploads\/2022\/09\/Oval.png\u00bb background_size=\u00bbinitial\u00bb background_position=\u00bbtop_left\u00bb global_colors_info=\u00bb{}\u00bb][\/et_pb_blurb][et_pb_toggle title=\u00bbSaber m\u00e1s\u00bb _builder_version=\u00bb4.22.2&#8243; _module_preset=\u00bbdefault\u00bb global_colors_info=\u00bb{}\u00bb]Nuestros pintores en Almer\u00eda destacan por su precisi\u00f3n, limpieza y dedicaci\u00f3n en cada proyecto, ya sea en trabajos de pintura interior, fachadas o decoraci\u00f3n. Cuidamos cada detalle y empleamos materiales de primera calidad para asegurar un acabado duradero y est\u00e9tico. [\/et_pb_toggle][\/et_pb_column][et_pb_column type=\u00bb1_3&#8243; _builder_version=\u00bb4.18.0&#8243; _module_preset=\u00bbdefault\u00bb custom_padding=\u00bb30px|20px|32px|20px|false|false\u00bb animation_style=\u00bbslide\u00bb animation_direction=\u00bbright\u00bb border_width_all=\u00bb1px\u00bb global_colors_info=\u00bb{}\u00bb][et_pb_blurb title=\u00bbResultados Garantizados\u00bb image=\u00bbhttps:\/\/reparamostodoantisan.com\/wp-content\/uploads\/2025\/11\/badge_5031351.png\u00bb image_icon_width=\u00bb20%\u00bb icon_alignment=\u00bbleft\u00bb image_icon_width_tablet=\u00bb15%\u00bb image_icon_width_phone=\u00bb20%\u00bb image_icon_width_last_edited=\u00bbon|tablet\u00bb admin_label=\u00bbGarant\u00eda\u00bb _builder_version=\u00bb4.22.2&#8243; _module_preset=\u00bbdefault\u00bb header_font=\u00bb|700|||||||\u00bb background_image=\u00bbhttps:\/\/reparamostodoantisan.com\/wp-content\/uploads\/2022\/09\/Oval.png\u00bb background_size=\u00bbinitial\u00bb background_position=\u00bbtop_left\u00bb global_colors_info=\u00bb{}\u00bb][\/et_pb_blurb][et_pb_toggle title=\u00bbSaber m\u00e1s\u00bb _builder_version=\u00bb4.22.2&#8243; _module_preset=\u00bbdefault\u00bb global_colors_info=\u00bb{}\u00bb]<\/p>\n<p>Adem\u00e1s, todos nuestros trabajos est\u00e1n respaldados por garant\u00eda, porque creemos que la tranquilidad del cliente es tan importante como la calidad del resultado. Si buscas una empresa de reformas y pintura en Almer\u00eda seria, responsable y con resultados comprobados, somos tu mejor opci\u00f3n.<\/p>\n<p>[\/et_pb_toggle][\/et_pb_column][\/et_pb_row][\/et_pb_section][et_pb_section fb_built=\u00bb1&#8243; _builder_version=\u00bb4.22.2&#8243; _module_preset=\u00bbdefault\u00bb global_colors_info=\u00bb{}\u00bb][et_pb_row column_structure=\u00bb1_2,1_2&#8243; admin_label=\u00bbBloque 3&#8243; _builder_version=\u00bb4.22.2&#8243; _module_preset=\u00bbdefault\u00bb global_colors_info=\u00bb{}\u00bb][et_pb_column type=\u00bb1_2&#8243; _builder_version=\u00bb4.22.2&#8243; _module_preset=\u00bbdefault\u00bb global_colors_info=\u00bb{}\u00bb][et_pb_button button_url=\u00bbhttps:\/\/reparamostodoantisan.com\/index.php\/contacto\/\u00bb button_text=\u00bbContacto\u00bb _builder_version=\u00bb4.22.2&#8243; _module_preset=\u00bbdefault\u00bb global_colors_info=\u00bb{}\u00bb][\/et_pb_button][et_pb_text _builder_version=\u00bb4.22.2&#8243; _module_preset=\u00bbdefault\u00bb global_colors_info=\u00bb{}\u00bb]<\/p>\n<h2><span style=\"font-weight: 400;\"><b>Servicios de reformas y pintura de confianza en Almer\u00eda y su zona metropolitana<\/b><\/span><\/h2>\n<p><span style=\"font-weight: 400;\">En nuestra empresa creemos que la cercan\u00eda marca la diferencia. Por eso ofrecemos nuestros servicios de reformas y pintura en Almer\u00eda y en toda su \u00e1rea metropolitana, atendiendo a clientes de Roquetas de Mar, El Ejido, Aguadulce, V\u00edcar, Retamar, San Agust\u00edn, F\u00e9lix, La Curva del Algarrobo y otras localidades de la zona.<\/span><\/p>\n<p><span style=\"font-weight: 400;\">Nuestro equipo de profesionales y <\/span><b>pintores en Almer\u00eda<\/b><span style=\"font-weight: 400;\"> se desplaza hasta tu domicilio o negocio para evaluar cada proyecto de forma personalizada y elaborar un presupuesto ajustado a tus necesidades. Sabemos que cada cliente es \u00fanico, y por eso cuidamos cada detalle para garantizar resultados duraderos, est\u00e9ticos y funcionales, tanto en reformas integrales como en trabajos de pintura, interiores o exteriores.<\/span><\/p>\n<p><span style=\"font-weight: 400;\">Trabajar cerca de ti nos permite ofrecer un servicio m\u00e1s \u00e1gil, puntual y eficiente, manteniendo siempre la calidad y el compromiso que nos definen. Ya sea para reformar tu vivienda, renovar un ba\u00f1o o pintar una fachada, puedes confiar en un equipo local con experiencia, profesionalidad y un trato cercano.<\/span><\/p>\n<p>[\/et_pb_text][\/et_pb_column][et_pb_column type=\u00bb1_2&#8243; _builder_version=\u00bb4.22.2&#8243; _module_preset=\u00bbdefault\u00bb global_colors_info=\u00bb{}\u00bb][et_pb_image src=\u00bbhttps:\/\/reparamostodoantisan.com\/wp-content\/uploads\/2025\/11\/habitacion-interior-renovacion-pintura-interior-e1762778132230.jpg\u00bb title_text=\u00bbhabitacion-interior-renovacion-pintura-interior\u00bb src_tablet=\u00bbhttps:\/\/reparamostodoantisan.com\/wp-content\/uploads\/2025\/11\/habitacion-interior-renovacion-pintura-interior-e1762778132230.jpg\u00bb src_phone=\u00bbhttps:\/\/reparamostodoantisan.com\/wp-content\/uploads\/2025\/11\/habitacion-interior-renovacion-pintura-interior-e1762778132230.jpg\u00bb src_last_edited=\u00bbon|desktop\u00bb align_tablet=\u00bbcenter\u00bb align_phone=\u00bbcenter\u00bb align_last_edited=\u00bbon|tablet\u00bb _builder_version=\u00bb4.22.2&#8243; _module_preset=\u00bbdefault\u00bb custom_margin=\u00bb||-1px|||\u00bb global_colors_info=\u00bb{}\u00bb][\/et_pb_image][\/et_pb_column][\/et_pb_row][\/et_pb_section][et_pb_section fb_built=\u00bb1&#8243; _builder_version=\u00bb4.22.2&#8243; _module_preset=\u00bbdefault\u00bb custom_margin=\u00bb0px||||false|false\u00bb custom_margin_tablet=\u00bb-80px||||false|false\u00bb custom_margin_phone=\u00bb-100px||||false|false\u00bb custom_margin_last_edited=\u00bbon|phone\u00bb custom_padding=\u00bb0px||||false|false\u00bb collapsed=\u00bbon\u00bb global_colors_info=\u00bb{}\u00bb][\/et_pb_section][et_pb_section fb_built=\u00bb1&#8243; specialty=\u00bbon\u00bb disabled_on=\u00bboff|off|off\u00bb _builder_version=\u00bb4.18.0&#8243; _module_preset=\u00bbdefault\u00bb background_color=\u00bb#000000&#8243; global_module=\u00bb245&#8243; global_colors_info=\u00bb{}\u00bb][et_pb_column type=\u00bb1_2&#8243; _builder_version=\u00bb4.16&#8243; custom_padding=\u00bb|||\u00bb global_colors_info=\u00bb{}\u00bb custom_padding__hover=\u00bb|||\u00bb][et_pb_image src=\u00bbhttps:\/\/reparamostodoantisan.com\/wp-content\/uploads\/2022\/09\/foto-servicios-2.jpg\u00bb _builder_version=\u00bb4.18.0&#8243; _module_preset=\u00bbdefault\u00bb custom_margin=\u00bb70px|||-10vw|false|false\u00bb animation_style=\u00bbslide\u00bb animation_direction=\u00bbleft\u00bb global_colors_info=\u00bb{}\u00bb][\/et_pb_image][\/et_pb_column][et_pb_column type=\u00bb1_2&#8243; specialty_columns=\u00bb2&#8243; _builder_version=\u00bb4.16&#8243; custom_padding=\u00bb|||\u00bb global_colors_info=\u00bb{}\u00bb custom_padding__hover=\u00bb|||\u00bb][et_pb_row_inner _builder_version=\u00bb4.18.0&#8243; _module_preset=\u00bbdefault\u00bb animation_style=\u00bbslide\u00bb animation_direction=\u00bbright\u00bb global_colors_info=\u00bb{}\u00bb][et_pb_column_inner saved_specialty_column_type=\u00bb1_2&#8243; _builder_version=\u00bb4.18.0&#8243; _module_preset=\u00bbdefault\u00bb global_colors_info=\u00bb{}\u00bb][et_pb_text _builder_version=\u00bb4.18.0&#8243; _module_preset=\u00bbdefault\u00bb header_2_font=\u00bbKanit|700|||||||\u00bb header_2_text_color=\u00bb#FFFFFF\u00bb header_2_font_size=\u00bb48px\u00bb header_2_line_height=\u00bb1.3em\u00bb background_color=\u00bbRGBA(255,255,255,0)\u00bb global_colors_info=\u00bb{}\u00bb]<\/p>\n<h2>Contacto<\/h2>\n<p>[\/et_pb_text][\/et_pb_column_inner][\/et_pb_row_inner][et_pb_row_inner _builder_version=\u00bb4.18.0&#8243; _module_preset=\u00bbdefault\u00bb animation_style=\u00bbslide\u00bb animation_direction=\u00bbright\u00bb global_colors_info=\u00bb{}\u00bb][et_pb_column_inner saved_specialty_column_type=\u00bb1_2&#8243; _builder_version=\u00bb4.18.0&#8243; _module_preset=\u00bbdefault\u00bb global_colors_info=\u00bb{}\u00bb][et_pb_blurb title=\u00bbTel\u00e9fono\u00bb use_icon=\u00bbon\u00bb font_icon=\u00bb&#xe090;||divi||400&#8243; icon_placement=\u00bbleft\u00bb image_icon_width=\u00bb25px\u00bb _builder_version=\u00bb4.21.0&#8243; _module_preset=\u00bbdefault\u00bb header_font=\u00bbKanit||||||||\u00bb header_text_color=\u00bb#00c800&#8243; body_font=\u00bbKanit||||||||\u00bb body_text_color=\u00bb#FFFFFF\u00bb background_layout=\u00bbdark\u00bb global_colors_info=\u00bb{}\u00bb]<\/p>\n<h5><a href=\"tel:623489274\">623 489 274<\/a><\/h5>\n<p>[\/et_pb_blurb][et_pb_blurb title=\u00bbCorreo\u00bb use_icon=\u00bbon\u00bb font_icon=\u00bb&#xe076;||divi||400&#8243; icon_placement=\u00bbleft\u00bb image_icon_width=\u00bb25px\u00bb _builder_version=\u00bb4.18.0&#8243; _module_preset=\u00bbdefault\u00bb header_font=\u00bbKanit||||||||\u00bb header_text_color=\u00bb#00c800&#8243; body_font=\u00bbKanit||||||||\u00bb body_text_color=\u00bb#FFFFFF\u00bb global_colors_info=\u00bb{}\u00bb]<\/p>\n<h5><span style=\"color: #ffffff;\"><a style=\"color: #ffffff;\" href=\"mailto:info@reparamostodoantisan.com\">info@reparamostodoantisan.com<\/a><\/span><\/h5>\n<p>[\/et_pb_blurb][et_pb_blurb title=\u00bbDirecci\u00f3n\u00bb use_icon=\u00bbon\u00bb font_icon=\u00bb&#xf3c5;||fa||900&#8243; icon_placement=\u00bbleft\u00bb image_icon_width=\u00bb35px\u00bb _builder_version=\u00bb4.18.0&#8243; _module_preset=\u00bbdefault\u00bb header_font=\u00bbKanit||||||||\u00bb header_text_color=\u00bb#00c800&#8243; body_font=\u00bbKanit||||||||\u00bb body_text_color=\u00bb#FFFFFF\u00bb custom_padding=\u00bb||0px|||\u00bb global_colors_info=\u00bb{}\u00bb]<\/p>\n<h5><span style=\"color: #ffffff;\">C\/ Juan goytisolo S\/N<br \/><\/span><\/h5>\n<h5><span style=\"color: #ffffff;\">C\u00f3digo postal: 04002<\/span><\/h5>\n<h5><span style=\"color: #ffffff;\">Almer\u00eda<\/span><\/h5>\n<p>[\/et_pb_blurb][et_pb_button button_url=\u00bbhttps:\/\/reparamostodoantisan.com\/index.php\/contacto\/\u00bb button_text=\u00bbContacta Ahora\u00bb _builder_version=\u00bb4.18.0&#8243; _module_preset=\u00bbdefault\u00bb custom_button=\u00bbon\u00bb button_text_color=\u00bb#000000&#8243; button_bg_color=\u00bb#00c800&#8243; button_border_width=\u00bb0px\u00bb button_border_radius=\u00bb7px\u00bb button_font=\u00bbKanit||||||||\u00bb global_colors_info=\u00bb{}\u00bb][\/et_pb_button][\/et_pb_column_inner][\/et_pb_row_inner][\/et_pb_column][\/et_pb_section][et_pb_section fb_built=\u00bb1&#8243; _builder_version=\u00bb4.22.2&#8243; _module_preset=\u00bbdefault\u00bb background_color=\u00bb#000000&#8243; global_colors_info=\u00bb{}\u00bb][et_pb_row _builder_version=\u00bb4.22.2&#8243; _module_preset=\u00bbdefault\u00bb global_colors_info=\u00bb{}\u00bb][et_pb_column type=\u00bb4_4&#8243; _builder_version=\u00bb4.22.2&#8243; _module_preset=\u00bbdefault\u00bb global_colors_info=\u00bb{}\u00bb][et_pb_divider _builder_version=\u00bb4.22.2&#8243; _module_preset=\u00bbdefault\u00bb global_colors_info=\u00bb{}\u00bb][\/et_pb_divider][\/et_pb_column][\/et_pb_row][\/et_pb_section]<\/p>\n","protected":false},"excerpt":{"rendered":"<p>Empresa de reformasen Almer\u00eda CALIDAD Y COMPROMISO EN CADA PROYECTOLL\u00c1MANOS AHORA 623 489 274Adem\u00e1s de ofrecer un servicio completo de reparaciones somos una empresa de reformas en Almer\u00eda especializada en reformas integrales y en pintura. Contamos con un equipo cualificado dispuesto a transformar tu vivienda o local, garantizando unos resultados impecables. Realizamos tanto reformas integrales [&hellip;]<\/p>\n","protected":false},"author":1,"featured_media":0,"parent":0,"menu_order":0,"comment_status":"closed","ping_status":"closed","template":"","meta":{"_et_pb_use_builder":"on","_et_pb_old_content":"","_et_gb_content_width":"","footnotes":"","_joinchat":{"telephone":"+34623489274"}},"aioseo_notices":[],"_links":{"self":[{"href":"https:\/\/reparamostodoantisan.com\/index.php\/wp-json\/wp\/v2\/pages\/631"}],"collection":[{"href":"https:\/\/reparamostodoantisan.com\/index.php\/wp-json\/wp\/v2\/pages"}],"about":[{"href":"https:\/\/reparamostodoantisan.com\/index.php\/wp-json\/wp\/v2\/types\/page"}],"author":[{"embeddable":true,"href":"https:\/\/reparamostodoantisan.com\/index.php\/wp-json\/wp\/v2\/users\/1"}],"replies":[{"embeddable":true,"href":"https:\/\/reparamostodoantisan.com\/index.php\/wp-json\/wp\/v2\/comments?post=631"}],"version-history":[{"count":69,"href":"https:\/\/reparamostodoantisan.com\/index.php\/wp-json\/wp\/v2\/pages\/631\/revisions"}],"predecessor-version":[{"id":786,"href":"https:\/\/reparamostodoantisan.com\/index.php\/wp-json\/wp\/v2\/pages\/631\/revisions\/786"}],"wp:attachment":[{"href":"https:\/\/reparamostodoantisan.com\/index.php\/wp-json\/wp\/v2\/media?parent=631"}],"curies":[{"name":"wp","href":"https:\/\/api.w.org\/{rel}","templated":true}]}}